{"id":9957,"date":"2024-10-10T13:14:06","date_gmt":"2024-10-10T11:14:06","guid":{"rendered":"https:\/\/www.basetis.com\/?page_id=9957"},"modified":"2025-07-24T11:59:05","modified_gmt":"2025-07-24T09:59:05","slug":"merce-sala-award-2024","status":"publish","type":"page","link":"https:\/\/www.basetis.com\/en\/acknowledgements\/merce-sala-award-2024\/","title":{"rendered":"Merc\u00e8 Sala Award 2024"},"content":{"rendered":"","protected":false},"excerpt":{"rendered":"","protected":false},"author":3,"featured_media":0,"parent":6566,"menu_order":0,"comment_status":"closed","ping_status":"closed","template":"","meta":{"_acf_changed":false,"inline_featured_image":false,"footnotes":""},"class_list":["post-9957","page","type-page","status-publish","format-standard","hentry"],"acf":[],"yoast_head":"<!-- This site is optimized with the Yoast SEO plugin v27.2 - https:\/\/yoast.com\/product\/yoast-seo-wordpress\/ -->\n<title>Merc\u00e8 Sala Award 2024 - Basetis<\/title>\n<meta name=\"description\" content=\"We received from the Fundaci\u00f3 Factor Hum\u00e0 the Merc\u00e8 Sala 2024 Award: Human Look, Innovation and Global Vision.\" \/>\n<meta name=\"robots\" content=\"index, follow, max-snippet:-1, max-image-preview:large, max-video-preview:-1\" \/>\n<link rel=\"canonical\" href=\"https:\/\/www.basetis.com\/en\/acknowledgements\/merce-sala-award-2024\/\" \/>\n<meta property=\"og:locale\" content=\"en_US\" \/>\n<meta property=\"og:type\" content=\"article\" \/>\n<meta property=\"og:title\" content=\"Merc\u00e8 Sala Award 2024 - Basetis\" \/>\n<meta property=\"og:description\" content=\"We received from the Fundaci\u00f3 Factor Hum\u00e0 the Merc\u00e8 Sala 2024 Award: Human Look, Innovation and Global Vision.\" \/>\n<meta property=\"og:url\" content=\"https:\/\/www.basetis.com\/en\/acknowledgements\/merce-sala-award-2024\/\" \/>\n<meta property=\"og:site_name\" content=\"Basetis\" \/>\n<meta property=\"article:publisher\" content=\"https:\/\/www.facebook.com\/BasetisBCN\/\" \/>\n<meta property=\"article:modified_time\" content=\"2025-07-24T09:59:05+00:00\" \/>\n<meta property=\"og:image\" content=\"https:\/\/www.basetis.com\/wp-content\/uploads\/2024\/10\/53799973370_e97dfedab6_o.jpg\" \/>\n\t<meta property=\"og:image:width\" content=\"1280\" \/>\n\t<meta property=\"og:image:height\" content=\"831\" \/>\n\t<meta property=\"og:image:type\" content=\"image\/jpeg\" \/>\n<meta name=\"twitter:card\" content=\"summary_large_image\" \/>\n<meta name=\"twitter:title\" content=\"Merc\u00e8 Sala Award 2024 - Basetis\" \/>\n<meta name=\"twitter:description\" content=\"We received from the Fundaci\u00f3 Factor Hum\u00e0 the Merc\u00e8 Sala 2024 Award: Human Look, Innovation and Global Vision.\" \/>\n<meta name=\"twitter:image\" content=\"https:\/\/www.basetis.com\/wp-content\/uploads\/2024\/10\/53799973370_e97dfedab6_o.jpg\" \/>\n<meta name=\"twitter:site\" content=\"@Basetis\" \/>\n<script type=\"application\/ld+json\" class=\"yoast-schema-graph\">{\"@context\":\"https:\/\/schema.org\",\"@graph\":[{\"@type\":\"WebPage\",\"@id\":\"https:\/\/www.basetis.com\/en\/acknowledgements\/merce-sala-award-2024\/\",\"url\":\"https:\/\/www.basetis.com\/en\/acknowledgements\/merce-sala-award-2024\/\",\"name\":\"Merc\u00e8 Sala Award 2024 - Basetis\",\"isPartOf\":{\"@id\":\"https:\/\/www.basetis.com\/#website\"},\"datePublished\":\"2024-10-10T11:14:06+00:00\",\"dateModified\":\"2025-07-24T09:59:05+00:00\",\"description\":\"We received from the Fundaci\u00f3 Factor Hum\u00e0 the Merc\u00e8 Sala 2024 Award: Human Look, Innovation and Global Vision.\",\"breadcrumb\":{\"@id\":\"https:\/\/www.basetis.com\/en\/acknowledgements\/merce-sala-award-2024\/#breadcrumb\"},\"inLanguage\":\"en-US\",\"potentialAction\":[{\"@type\":\"ReadAction\",\"target\":[\"https:\/\/www.basetis.com\/en\/acknowledgements\/merce-sala-award-2024\/\"]}]},{\"@type\":\"BreadcrumbList\",\"@id\":\"https:\/\/www.basetis.com\/en\/acknowledgements\/merce-sala-award-2024\/#breadcrumb\",\"itemListElement\":[{\"@type\":\"ListItem\",\"position\":1,\"name\":\"Acknowledgements\",\"item\":\"https:\/\/www.basetis.com\/en\/acknowledgements\/\"},{\"@type\":\"ListItem\",\"position\":2,\"name\":\"Merc\u00e8 Sala Award 2024\"}]},{\"@type\":\"WebSite\",\"@id\":\"https:\/\/www.basetis.com\/#website\",\"url\":\"https:\/\/www.basetis.com\/\",\"name\":\"Basetis\",\"description\":\"Un equipo de personas comprometidas que realizamos servicios tecnol\u00f3gicos y de consultor\u00eda.\",\"publisher\":{\"@id\":\"https:\/\/www.basetis.com\/#organization\"},\"potentialAction\":[{\"@type\":\"SearchAction\",\"target\":{\"@type\":\"EntryPoint\",\"urlTemplate\":\"https:\/\/www.basetis.com\/?s={search_term_string}\"},\"query-input\":{\"@type\":\"PropertyValueSpecification\",\"valueRequired\":true,\"valueName\":\"search_term_string\"}}],\"inLanguage\":\"en-US\"},{\"@type\":\"Organization\",\"@id\":\"https:\/\/www.basetis.com\/#organization\",\"name\":\"Basetis\",\"url\":\"https:\/\/www.basetis.com\/\",\"logo\":{\"@type\":\"ImageObject\",\"inLanguage\":\"en-US\",\"@id\":\"https:\/\/www.basetis.com\/#\/schema\/logo\/image\/\",\"url\":\"https:\/\/www.basetis.com\/wp-content\/uploads\/2018\/11\/Basetis_Logotipo.svg\",\"contentUrl\":\"https:\/\/www.basetis.com\/wp-content\/uploads\/2018\/11\/Basetis_Logotipo.svg\",\"caption\":\"Basetis\"},\"image\":{\"@id\":\"https:\/\/www.basetis.com\/#\/schema\/logo\/image\/\"},\"sameAs\":[\"https:\/\/www.facebook.com\/BasetisBCN\/\",\"https:\/\/x.com\/Basetis\",\"https:\/\/www.linkedin.com\/company\/basetis\",\"https:\/\/www.instagram.com\/basetisbcn\/\",\"https:\/\/www.youtube.com\/@basetisBCN\"]}]}<\/script>\n<!-- \/ Yoast SEO plugin. -->","yoast_head_json":{"title":"Merc\u00e8 Sala Award 2024 - Basetis","description":"We received from the Fundaci\u00f3 Factor Hum\u00e0 the Merc\u00e8 Sala 2024 Award: Human Look, Innovation and Global Vision.","robots":{"index":"index","follow":"follow","max-snippet":"max-snippet:-1","max-image-preview":"max-image-preview:large","max-video-preview":"max-video-preview:-1"},"canonical":"https:\/\/www.basetis.com\/en\/acknowledgements\/merce-sala-award-2024\/","og_locale":"en_US","og_type":"article","og_title":"Merc\u00e8 Sala Award 2024 - Basetis","og_description":"We received from the Fundaci\u00f3 Factor Hum\u00e0 the Merc\u00e8 Sala 2024 Award: Human Look, Innovation and Global Vision.","og_url":"https:\/\/www.basetis.com\/en\/acknowledgements\/merce-sala-award-2024\/","og_site_name":"Basetis","article_publisher":"https:\/\/www.facebook.com\/BasetisBCN\/","article_modified_time":"2025-07-24T09:59:05+00:00","og_image":[{"width":1280,"height":831,"url":"https:\/\/www.basetis.com\/wp-content\/uploads\/2024\/10\/53799973370_e97dfedab6_o.jpg","type":"image\/jpeg"}],"twitter_card":"summary_large_image","twitter_title":"Merc\u00e8 Sala Award 2024 - Basetis","twitter_description":"We received from the Fundaci\u00f3 Factor Hum\u00e0 the Merc\u00e8 Sala 2024 Award: Human Look, Innovation and Global Vision.","twitter_image":"https:\/\/www.basetis.com\/wp-content\/uploads\/2024\/10\/53799973370_e97dfedab6_o.jpg","twitter_site":"@Basetis","schema":{"@context":"https:\/\/schema.org","@graph":[{"@type":"WebPage","@id":"https:\/\/www.basetis.com\/en\/acknowledgements\/merce-sala-award-2024\/","url":"https:\/\/www.basetis.com\/en\/acknowledgements\/merce-sala-award-2024\/","name":"Merc\u00e8 Sala Award 2024 - Basetis","isPartOf":{"@id":"https:\/\/www.basetis.com\/#website"},"datePublished":"2024-10-10T11:14:06+00:00","dateModified":"2025-07-24T09:59:05+00:00","description":"We received from the Fundaci\u00f3 Factor Hum\u00e0 the Merc\u00e8 Sala 2024 Award: Human Look, Innovation and Global Vision.","breadcrumb":{"@id":"https:\/\/www.basetis.com\/en\/acknowledgements\/merce-sala-award-2024\/#breadcrumb"},"inLanguage":"en-US","potentialAction":[{"@type":"ReadAction","target":["https:\/\/www.basetis.com\/en\/acknowledgements\/merce-sala-award-2024\/"]}]},{"@type":"BreadcrumbList","@id":"https:\/\/www.basetis.com\/en\/acknowledgements\/merce-sala-award-2024\/#breadcrumb","itemListElement":[{"@type":"ListItem","position":1,"name":"Acknowledgements","item":"https:\/\/www.basetis.com\/en\/acknowledgements\/"},{"@type":"ListItem","position":2,"name":"Merc\u00e8 Sala Award 2024"}]},{"@type":"WebSite","@id":"https:\/\/www.basetis.com\/#website","url":"https:\/\/www.basetis.com\/","name":"Basetis","description":"Un equipo de personas comprometidas que realizamos servicios tecnol\u00f3gicos y de consultor\u00eda.","publisher":{"@id":"https:\/\/www.basetis.com\/#organization"},"potentialAction":[{"@type":"SearchAction","target":{"@type":"EntryPoint","urlTemplate":"https:\/\/www.basetis.com\/?s={search_term_string}"},"query-input":{"@type":"PropertyValueSpecification","valueRequired":true,"valueName":"search_term_string"}}],"inLanguage":"en-US"},{"@type":"Organization","@id":"https:\/\/www.basetis.com\/#organization","name":"Basetis","url":"https:\/\/www.basetis.com\/","logo":{"@type":"ImageObject","inLanguage":"en-US","@id":"https:\/\/www.basetis.com\/#\/schema\/logo\/image\/","url":"https:\/\/www.basetis.com\/wp-content\/uploads\/2018\/11\/Basetis_Logotipo.svg","contentUrl":"https:\/\/www.basetis.com\/wp-content\/uploads\/2018\/11\/Basetis_Logotipo.svg","caption":"Basetis"},"image":{"@id":"https:\/\/www.basetis.com\/#\/schema\/logo\/image\/"},"sameAs":["https:\/\/www.facebook.com\/BasetisBCN\/","https:\/\/x.com\/Basetis","https:\/\/www.linkedin.com\/company\/basetis","https:\/\/www.instagram.com\/basetisbcn\/","https:\/\/www.youtube.com\/@basetisBCN"]}]}},"_links":{"self":[{"href":"https:\/\/www.basetis.com\/en\/wp-json\/wp\/v2\/pages\/9957","targetHints":{"allow":["GET"]}}],"collection":[{"href":"https:\/\/www.basetis.com\/en\/wp-json\/wp\/v2\/pages"}],"about":[{"href":"https:\/\/www.basetis.com\/en\/wp-json\/wp\/v2\/types\/page"}],"author":[{"embeddable":true,"href":"https:\/\/www.basetis.com\/en\/wp-json\/wp\/v2\/users\/3"}],"replies":[{"embeddable":true,"href":"https:\/\/www.basetis.com\/en\/wp-json\/wp\/v2\/comments?post=9957"}],"version-history":[{"count":4,"href":"https:\/\/www.basetis.com\/en\/wp-json\/wp\/v2\/pages\/9957\/revisions"}],"predecessor-version":[{"id":11770,"href":"https:\/\/www.basetis.com\/en\/wp-json\/wp\/v2\/pages\/9957\/revisions\/11770"}],"up":[{"embeddable":true,"href":"https:\/\/www.basetis.com\/en\/wp-json\/wp\/v2\/pages\/6566"}],"wp:attachment":[{"href":"https:\/\/www.basetis.com\/en\/wp-json\/wp\/v2\/media?parent=9957"}],"curies":[{"name":"wp","href":"https:\/\/api.w.org\/{rel}","templated":true}]}}