{"id":3540,"date":"2019-05-23T15:51:08","date_gmt":"2019-05-23T13:51:08","guid":{"rendered":"https:\/\/www.basetis.com\/?page_id=3540"},"modified":"2024-04-03T16:24:11","modified_gmt":"2024-04-03T14:24:11","slug":"politica-de-privacidad","status":"publish","type":"page","link":"https:\/\/www.basetis.com\/es\/politica-de-privacidad\/","title":{"rendered":"Pol\u00edtica de privacidad"},"content":{"rendered":"","protected":false},"excerpt":{"rendered":"","protected":false},"author":2,"featured_media":0,"parent":0,"menu_order":0,"comment_status":"closed","ping_status":"closed","template":"","meta":{"_acf_changed":false,"inline_featured_image":false,"footnotes":""},"class_list":["post-3540","page","type-page","status-publish","format-standard","hentry"],"acf":[],"yoast_head":"<!-- This site is optimized with the Yoast SEO plugin v27.2 - https:\/\/yoast.com\/product\/yoast-seo-wordpress\/ -->\n<title>Pol\u00edtica de privacidad - Basetis<\/title>\n<meta name=\"description\" content=\"Basetis da gran importancia a la protecci\u00f3n de datos personales, el acceso no autorizado, el tratamiento ilegal o la p\u00e9rdida entre otros aspectos.\" \/>\n<meta name=\"robots\" content=\"noindex, nofollow\" \/>\n<meta property=\"og:locale\" content=\"es_ES\" \/>\n<meta property=\"og:type\" content=\"article\" \/>\n<meta property=\"og:title\" content=\"Pol\u00edtica de privacidad - Basetis\" \/>\n<meta property=\"og:description\" content=\"Basetis da gran importancia a la protecci\u00f3n de datos personales, el acceso no autorizado, el tratamiento ilegal o la p\u00e9rdida entre otros aspectos.\" \/>\n<meta property=\"og:url\" content=\"https:\/\/www.basetis.com\/es\/politica-de-privacidad\/\" \/>\n<meta property=\"og:site_name\" content=\"Basetis\" \/>\n<meta property=\"article:publisher\" content=\"https:\/\/www.facebook.com\/BasetisBCN\/\" \/>\n<meta property=\"article:modified_time\" content=\"2024-04-03T14:24:11+00:00\" \/>\n<meta name=\"twitter:card\" content=\"summary_large_image\" \/>\n<meta name=\"twitter:site\" content=\"@Basetis\" \/>\n<script type=\"application\/ld+json\" class=\"yoast-schema-graph\">{\"@context\":\"https:\/\/schema.org\",\"@graph\":[{\"@type\":\"WebPage\",\"@id\":\"https:\/\/www.basetis.com\/es\/politica-de-privacidad\/\",\"url\":\"https:\/\/www.basetis.com\/es\/politica-de-privacidad\/\",\"name\":\"Pol\u00edtica de privacidad - Basetis\",\"isPartOf\":{\"@id\":\"https:\/\/www.basetis.com\/#website\"},\"datePublished\":\"2019-05-23T13:51:08+00:00\",\"dateModified\":\"2024-04-03T14:24:11+00:00\",\"description\":\"Basetis da gran importancia a la protecci\u00f3n de datos personales, el acceso no autorizado, el tratamiento ilegal o la p\u00e9rdida entre otros aspectos.\",\"inLanguage\":\"es\",\"potentialAction\":[{\"@type\":\"ReadAction\",\"target\":[\"https:\/\/www.basetis.com\/es\/politica-de-privacidad\/\"]}]},{\"@type\":\"WebSite\",\"@id\":\"https:\/\/www.basetis.com\/#website\",\"url\":\"https:\/\/www.basetis.com\/\",\"name\":\"Basetis\",\"description\":\"Un equipo de personas comprometidas que realizamos servicios tecnol\u00f3gicos y de consultor\u00eda.\",\"publisher\":{\"@id\":\"https:\/\/www.basetis.com\/#organization\"},\"potentialAction\":[{\"@type\":\"SearchAction\",\"target\":{\"@type\":\"EntryPoint\",\"urlTemplate\":\"https:\/\/www.basetis.com\/?s={search_term_string}\"},\"query-input\":{\"@type\":\"PropertyValueSpecification\",\"valueRequired\":true,\"valueName\":\"search_term_string\"}}],\"inLanguage\":\"es\"},{\"@type\":\"Organization\",\"@id\":\"https:\/\/www.basetis.com\/#organization\",\"name\":\"Basetis\",\"url\":\"https:\/\/www.basetis.com\/\",\"logo\":{\"@type\":\"ImageObject\",\"inLanguage\":\"es\",\"@id\":\"https:\/\/www.basetis.com\/#\/schema\/logo\/image\/\",\"url\":\"https:\/\/www.basetis.com\/wp-content\/uploads\/2018\/11\/Basetis_Logotipo.svg\",\"contentUrl\":\"https:\/\/www.basetis.com\/wp-content\/uploads\/2018\/11\/Basetis_Logotipo.svg\",\"caption\":\"Basetis\"},\"image\":{\"@id\":\"https:\/\/www.basetis.com\/#\/schema\/logo\/image\/\"},\"sameAs\":[\"https:\/\/www.facebook.com\/BasetisBCN\/\",\"https:\/\/x.com\/Basetis\",\"https:\/\/www.linkedin.com\/company\/basetis\",\"https:\/\/www.instagram.com\/basetisbcn\/\",\"https:\/\/www.youtube.com\/@basetisBCN\"]}]}<\/script>\n<!-- \/ Yoast SEO plugin. -->","yoast_head_json":{"title":"Pol\u00edtica de privacidad - Basetis","description":"Basetis da gran importancia a la protecci\u00f3n de datos personales, el acceso no autorizado, el tratamiento ilegal o la p\u00e9rdida entre otros aspectos.","robots":{"index":"noindex","follow":"nofollow"},"og_locale":"es_ES","og_type":"article","og_title":"Pol\u00edtica de privacidad - Basetis","og_description":"Basetis da gran importancia a la protecci\u00f3n de datos personales, el acceso no autorizado, el tratamiento ilegal o la p\u00e9rdida entre otros aspectos.","og_url":"https:\/\/www.basetis.com\/es\/politica-de-privacidad\/","og_site_name":"Basetis","article_publisher":"https:\/\/www.facebook.com\/BasetisBCN\/","article_modified_time":"2024-04-03T14:24:11+00:00","twitter_card":"summary_large_image","twitter_site":"@Basetis","schema":{"@context":"https:\/\/schema.org","@graph":[{"@type":"WebPage","@id":"https:\/\/www.basetis.com\/es\/politica-de-privacidad\/","url":"https:\/\/www.basetis.com\/es\/politica-de-privacidad\/","name":"Pol\u00edtica de privacidad - Basetis","isPartOf":{"@id":"https:\/\/www.basetis.com\/#website"},"datePublished":"2019-05-23T13:51:08+00:00","dateModified":"2024-04-03T14:24:11+00:00","description":"Basetis da gran importancia a la protecci\u00f3n de datos personales, el acceso no autorizado, el tratamiento ilegal o la p\u00e9rdida entre otros aspectos.","inLanguage":"es","potentialAction":[{"@type":"ReadAction","target":["https:\/\/www.basetis.com\/es\/politica-de-privacidad\/"]}]},{"@type":"WebSite","@id":"https:\/\/www.basetis.com\/#website","url":"https:\/\/www.basetis.com\/","name":"Basetis","description":"Un equipo de personas comprometidas que realizamos servicios tecnol\u00f3gicos y de consultor\u00eda.","publisher":{"@id":"https:\/\/www.basetis.com\/#organization"},"potentialAction":[{"@type":"SearchAction","target":{"@type":"EntryPoint","urlTemplate":"https:\/\/www.basetis.com\/?s={search_term_string}"},"query-input":{"@type":"PropertyValueSpecification","valueRequired":true,"valueName":"search_term_string"}}],"inLanguage":"es"},{"@type":"Organization","@id":"https:\/\/www.basetis.com\/#organization","name":"Basetis","url":"https:\/\/www.basetis.com\/","logo":{"@type":"ImageObject","inLanguage":"es","@id":"https:\/\/www.basetis.com\/#\/schema\/logo\/image\/","url":"https:\/\/www.basetis.com\/wp-content\/uploads\/2018\/11\/Basetis_Logotipo.svg","contentUrl":"https:\/\/www.basetis.com\/wp-content\/uploads\/2018\/11\/Basetis_Logotipo.svg","caption":"Basetis"},"image":{"@id":"https:\/\/www.basetis.com\/#\/schema\/logo\/image\/"},"sameAs":["https:\/\/www.facebook.com\/BasetisBCN\/","https:\/\/x.com\/Basetis","https:\/\/www.linkedin.com\/company\/basetis","https:\/\/www.instagram.com\/basetisbcn\/","https:\/\/www.youtube.com\/@basetisBCN"]}]}},"_links":{"self":[{"href":"https:\/\/www.basetis.com\/es\/wp-json\/wp\/v2\/pages\/3540","targetHints":{"allow":["GET"]}}],"collection":[{"href":"https:\/\/www.basetis.com\/es\/wp-json\/wp\/v2\/pages"}],"about":[{"href":"https:\/\/www.basetis.com\/es\/wp-json\/wp\/v2\/types\/page"}],"author":[{"embeddable":true,"href":"https:\/\/www.basetis.com\/es\/wp-json\/wp\/v2\/users\/2"}],"replies":[{"embeddable":true,"href":"https:\/\/www.basetis.com\/es\/wp-json\/wp\/v2\/comments?post=3540"}],"version-history":[{"count":11,"href":"https:\/\/www.basetis.com\/es\/wp-json\/wp\/v2\/pages\/3540\/revisions"}],"predecessor-version":[{"id":8192,"href":"https:\/\/www.basetis.com\/es\/wp-json\/wp\/v2\/pages\/3540\/revisions\/8192"}],"wp:attachment":[{"href":"https:\/\/www.basetis.com\/es\/wp-json\/wp\/v2\/media?parent=3540"}],"curies":[{"name":"wp","href":"https:\/\/api.w.org\/{rel}","templated":true}]}}