{"id":5182,"date":"2020-10-14T18:13:29","date_gmt":"2020-10-14T16:13:29","guid":{"rendered":"https:\/\/www.basetis.com\/?page_id=5182"},"modified":"2021-08-13T17:22:12","modified_gmt":"2021-08-13T15:22:12","slug":"wellness-habits","status":"publish","type":"page","link":"https:\/\/www.basetis.com\/es\/soluciones\/wellness-habits\/","title":{"rendered":"Wellness Habits"},"content":{"rendered":"","protected":false},"excerpt":{"rendered":"","protected":false},"author":3,"featured_media":0,"parent":4855,"menu_order":0,"comment_status":"closed","ping_status":"closed","template":"temaplates\/page-solution.php","meta":{"_acf_changed":false,"inline_featured_image":false,"footnotes":""},"class_list":["post-5182","page","type-page","status-publish","format-standard","hentry"],"acf":[],"yoast_head":"<!-- This site is optimized with the Yoast SEO plugin v27.2 - https:\/\/yoast.com\/product\/yoast-seo-wordpress\/ -->\n<title>Wellnes Habits - Soluciones Basetis<\/title>\n<meta name=\"description\" content=\"Una app m\u00f3vil para adquirir h\u00e1bitos saludables en casa o en la oficina mediante retos semanales y un estimulante sistema de gamificaci\u00f3n.\" \/>\n<meta name=\"robots\" content=\"index, follow, max-snippet:-1, max-image-preview:large, max-video-preview:-1\" \/>\n<link rel=\"canonical\" href=\"https:\/\/test.basetis.com\/soluciones\/wellness-habits\/\" \/>\n<meta property=\"og:locale\" content=\"es_ES\" \/>\n<meta property=\"og:type\" content=\"article\" \/>\n<meta property=\"og:title\" content=\"Wellnes Habits - Soluciones Basetis\" \/>\n<meta property=\"og:description\" content=\"Una app m\u00f3vil para adquirir h\u00e1bitos saludables en casa o en la oficina mediante retos semanales y un estimulante sistema de gamificaci\u00f3n.\" \/>\n<meta property=\"og:url\" content=\"https:\/\/test.basetis.com\/soluciones\/wellness-habits\/\" \/>\n<meta property=\"og:site_name\" content=\"Basetis\" \/>\n<meta property=\"article:publisher\" content=\"https:\/\/www.facebook.com\/BasetisBCN\/\" \/>\n<meta property=\"article:modified_time\" content=\"2021-08-13T15:22:12+00:00\" \/>\n<meta name=\"twitter:card\" content=\"summary_large_image\" \/>\n<meta name=\"twitter:site\" content=\"@Basetis\" \/>\n<script type=\"application\/ld+json\" class=\"yoast-schema-graph\">{\"@context\":\"https:\/\/schema.org\",\"@graph\":[{\"@type\":\"WebPage\",\"@id\":\"https:\/\/test.basetis.com\/soluciones\/wellness-habits\/\",\"url\":\"https:\/\/test.basetis.com\/soluciones\/wellness-habits\/\",\"name\":\"Wellnes Habits - Soluciones Basetis\",\"isPartOf\":{\"@id\":\"https:\/\/www.basetis.com\/#website\"},\"datePublished\":\"2020-10-14T16:13:29+00:00\",\"dateModified\":\"2021-08-13T15:22:12+00:00\",\"description\":\"Una app m\u00f3vil para adquirir h\u00e1bitos saludables en casa o en la oficina mediante retos semanales y un estimulante sistema de gamificaci\u00f3n.\",\"breadcrumb\":{\"@id\":\"https:\/\/test.basetis.com\/soluciones\/wellness-habits\/#breadcrumb\"},\"inLanguage\":\"es\",\"potentialAction\":[{\"@type\":\"ReadAction\",\"target\":[\"https:\/\/test.basetis.com\/soluciones\/wellness-habits\/\"]}]},{\"@type\":\"BreadcrumbList\",\"@id\":\"https:\/\/test.basetis.com\/soluciones\/wellness-habits\/#breadcrumb\",\"itemListElement\":[{\"@type\":\"ListItem\",\"position\":1,\"name\":\"Soluciones\",\"item\":\"https:\/\/test.basetis.com\/soluciones\/\"},{\"@type\":\"ListItem\",\"position\":2,\"name\":\"Wellness Habits\"}]},{\"@type\":\"WebSite\",\"@id\":\"https:\/\/www.basetis.com\/#website\",\"url\":\"https:\/\/www.basetis.com\/\",\"name\":\"Basetis\",\"description\":\"Un equipo de personas comprometidas que realizamos servicios tecnol\u00f3gicos y de consultor\u00eda.\",\"publisher\":{\"@id\":\"https:\/\/www.basetis.com\/#organization\"},\"potentialAction\":[{\"@type\":\"SearchAction\",\"target\":{\"@type\":\"EntryPoint\",\"urlTemplate\":\"https:\/\/www.basetis.com\/?s={search_term_string}\"},\"query-input\":{\"@type\":\"PropertyValueSpecification\",\"valueRequired\":true,\"valueName\":\"search_term_string\"}}],\"inLanguage\":\"es\"},{\"@type\":\"Organization\",\"@id\":\"https:\/\/www.basetis.com\/#organization\",\"name\":\"Basetis\",\"url\":\"https:\/\/www.basetis.com\/\",\"logo\":{\"@type\":\"ImageObject\",\"inLanguage\":\"es\",\"@id\":\"https:\/\/www.basetis.com\/#\/schema\/logo\/image\/\",\"url\":\"https:\/\/www.basetis.com\/wp-content\/uploads\/2018\/11\/Basetis_Logotipo.svg\",\"contentUrl\":\"https:\/\/www.basetis.com\/wp-content\/uploads\/2018\/11\/Basetis_Logotipo.svg\",\"caption\":\"Basetis\"},\"image\":{\"@id\":\"https:\/\/www.basetis.com\/#\/schema\/logo\/image\/\"},\"sameAs\":[\"https:\/\/www.facebook.com\/BasetisBCN\/\",\"https:\/\/x.com\/Basetis\",\"https:\/\/www.linkedin.com\/company\/basetis\",\"https:\/\/www.instagram.com\/basetisbcn\/\",\"https:\/\/www.youtube.com\/@basetisBCN\"]}]}<\/script>\n<!-- \/ Yoast SEO plugin. -->","yoast_head_json":{"title":"Wellnes Habits - Soluciones Basetis","description":"Una app m\u00f3vil para adquirir h\u00e1bitos saludables en casa o en la oficina mediante retos semanales y un estimulante sistema de gamificaci\u00f3n.","robots":{"index":"index","follow":"follow","max-snippet":"max-snippet:-1","max-image-preview":"max-image-preview:large","max-video-preview":"max-video-preview:-1"},"canonical":"https:\/\/test.basetis.com\/soluciones\/wellness-habits\/","og_locale":"es_ES","og_type":"article","og_title":"Wellnes Habits - Soluciones Basetis","og_description":"Una app m\u00f3vil para adquirir h\u00e1bitos saludables en casa o en la oficina mediante retos semanales y un estimulante sistema de gamificaci\u00f3n.","og_url":"https:\/\/test.basetis.com\/soluciones\/wellness-habits\/","og_site_name":"Basetis","article_publisher":"https:\/\/www.facebook.com\/BasetisBCN\/","article_modified_time":"2021-08-13T15:22:12+00:00","twitter_card":"summary_large_image","twitter_site":"@Basetis","schema":{"@context":"https:\/\/schema.org","@graph":[{"@type":"WebPage","@id":"https:\/\/test.basetis.com\/soluciones\/wellness-habits\/","url":"https:\/\/test.basetis.com\/soluciones\/wellness-habits\/","name":"Wellnes Habits - Soluciones Basetis","isPartOf":{"@id":"https:\/\/www.basetis.com\/#website"},"datePublished":"2020-10-14T16:13:29+00:00","dateModified":"2021-08-13T15:22:12+00:00","description":"Una app m\u00f3vil para adquirir h\u00e1bitos saludables en casa o en la oficina mediante retos semanales y un estimulante sistema de gamificaci\u00f3n.","breadcrumb":{"@id":"https:\/\/test.basetis.com\/soluciones\/wellness-habits\/#breadcrumb"},"inLanguage":"es","potentialAction":[{"@type":"ReadAction","target":["https:\/\/test.basetis.com\/soluciones\/wellness-habits\/"]}]},{"@type":"BreadcrumbList","@id":"https:\/\/test.basetis.com\/soluciones\/wellness-habits\/#breadcrumb","itemListElement":[{"@type":"ListItem","position":1,"name":"Soluciones","item":"https:\/\/test.basetis.com\/soluciones\/"},{"@type":"ListItem","position":2,"name":"Wellness Habits"}]},{"@type":"WebSite","@id":"https:\/\/www.basetis.com\/#website","url":"https:\/\/www.basetis.com\/","name":"Basetis","description":"Un equipo de personas comprometidas que realizamos servicios tecnol\u00f3gicos y de consultor\u00eda.","publisher":{"@id":"https:\/\/www.basetis.com\/#organization"},"potentialAction":[{"@type":"SearchAction","target":{"@type":"EntryPoint","urlTemplate":"https:\/\/www.basetis.com\/?s={search_term_string}"},"query-input":{"@type":"PropertyValueSpecification","valueRequired":true,"valueName":"search_term_string"}}],"inLanguage":"es"},{"@type":"Organization","@id":"https:\/\/www.basetis.com\/#organization","name":"Basetis","url":"https:\/\/www.basetis.com\/","logo":{"@type":"ImageObject","inLanguage":"es","@id":"https:\/\/www.basetis.com\/#\/schema\/logo\/image\/","url":"https:\/\/www.basetis.com\/wp-content\/uploads\/2018\/11\/Basetis_Logotipo.svg","contentUrl":"https:\/\/www.basetis.com\/wp-content\/uploads\/2018\/11\/Basetis_Logotipo.svg","caption":"Basetis"},"image":{"@id":"https:\/\/www.basetis.com\/#\/schema\/logo\/image\/"},"sameAs":["https:\/\/www.facebook.com\/BasetisBCN\/","https:\/\/x.com\/Basetis","https:\/\/www.linkedin.com\/company\/basetis","https:\/\/www.instagram.com\/basetisbcn\/","https:\/\/www.youtube.com\/@basetisBCN"]}]}},"_links":{"self":[{"href":"https:\/\/www.basetis.com\/es\/wp-json\/wp\/v2\/pages\/5182","targetHints":{"allow":["GET"]}}],"collection":[{"href":"https:\/\/www.basetis.com\/es\/wp-json\/wp\/v2\/pages"}],"about":[{"href":"https:\/\/www.basetis.com\/es\/wp-json\/wp\/v2\/types\/page"}],"author":[{"embeddable":true,"href":"https:\/\/www.basetis.com\/es\/wp-json\/wp\/v2\/users\/3"}],"replies":[{"embeddable":true,"href":"https:\/\/www.basetis.com\/es\/wp-json\/wp\/v2\/comments?post=5182"}],"version-history":[{"count":10,"href":"https:\/\/www.basetis.com\/es\/wp-json\/wp\/v2\/pages\/5182\/revisions"}],"predecessor-version":[{"id":6288,"href":"https:\/\/www.basetis.com\/es\/wp-json\/wp\/v2\/pages\/5182\/revisions\/6288"}],"up":[{"embeddable":true,"href":"https:\/\/www.basetis.com\/es\/wp-json\/wp\/v2\/pages\/4855"}],"wp:attachment":[{"href":"https:\/\/www.basetis.com\/es\/wp-json\/wp\/v2\/media?parent=5182"}],"curies":[{"name":"wp","href":"https:\/\/api.w.org\/{rel}","templated":true}]}}